{"id":135,"date":"2015-08-23T09:20:48","date_gmt":"2015-08-23T09:20:48","guid":{"rendered":"https:\/\/parcyresgob.org.uk\/?page_id=135"},"modified":"2026-01-02T11:29:33","modified_gmt":"2026-01-02T11:29:33","slug":"historic-photos","status":"publish","type":"page","link":"https:\/\/parcyresgob.org.uk\/cy\/explore-the-park\/galleries\/historic-photos\/","title":{"rendered":"Ffotograffau Hanesyddol"},"content":{"rendered":"<div id='gallery-1' class='gallery galleryid-135 gallery-columns-3 gallery-size-medium'><figure class='gallery-item'>\n\t\t\t<div class='gallery-icon landscape'>\n\t\t\t\t<img loading=\"lazy\" decoding=\"async\" width=\"300\" height=\"198\" src=\"https:\/\/parcyresgob.org.uk\/wp-content\/uploads\/hist1-300x198.jpg\" class=\"attachment-medium size-medium\" alt=\"Llun du a gwyn hanesyddol o adeilad mawr, deulawr gyda mynedfa ganolog fwaog, cwpola ar y to, a gardd gyda choed a llwyni yn y blaendir.\" srcset=\"https:\/\/parcyresgob.org.uk\/wp-content\/uploads\/hist1-300x198.jpg 300w, https:\/\/parcyresgob.org.uk\/wp-content\/uploads\/hist1-228x150.jpg 228w, https:\/\/parcyresgob.org.uk\/wp-content\/uploads\/hist1-150x99.jpg 150w, https:\/\/parcyresgob.org.uk\/wp-content\/uploads\/hist1.jpg 800w\" sizes=\"auto, (max-width: 300px) 100vw, 300px\" \/>\n\t\t\t<\/div><\/figure><figure class='gallery-item'>\n\t\t\t<div class='gallery-icon landscape'>\n\t\t\t\t<img loading=\"lazy\" decoding=\"async\" width=\"300\" height=\"194\" src=\"https:\/\/parcyresgob.org.uk\/wp-content\/uploads\/hist2-300x194.jpg\" class=\"attachment-medium size-medium\" alt=\"Llun du a gwyn o blasty mawr, deulawr o oes Fictoria gyda nifer o simneiau, wedi&#039;i amgylchynu gan goed, llwyni, a lawnt yn y blaendir. Mae meinciau i&#039;w gweld o flaen yr adeilad.\" srcset=\"https:\/\/parcyresgob.org.uk\/wp-content\/uploads\/hist2-300x194.jpg 300w, https:\/\/parcyresgob.org.uk\/wp-content\/uploads\/hist2-232x150.jpg 232w, https:\/\/parcyresgob.org.uk\/wp-content\/uploads\/hist2-150x97.jpg 150w, https:\/\/parcyresgob.org.uk\/wp-content\/uploads\/hist2.jpg 800w\" sizes=\"auto, (max-width: 300px) 100vw, 300px\" \/>\n\t\t\t<\/div><\/figure><figure class='gallery-item'>\n\t\t\t<div class='gallery-icon landscape'>\n\t\t\t\t<img loading=\"lazy\" decoding=\"async\" width=\"300\" height=\"213\" src=\"https:\/\/parcyresgob.org.uk\/wp-content\/uploads\/hist3-300x213.jpg\" class=\"attachment-medium size-medium\" alt=\"Ffotograff du a gwyn o blasty hanesyddol mawr, deulawr gyda nifer o simneiau, wedi&#039;i amgylchynu gan lawnt, coed a llwyni wedi&#039;u cadw&#039;n dda. Mae&#039;r adeilad yn ymddangos yn hen ac yn urddasol.\" srcset=\"https:\/\/parcyresgob.org.uk\/wp-content\/uploads\/hist3-300x213.jpg 300w, https:\/\/parcyresgob.org.uk\/wp-content\/uploads\/hist3-211x150.jpg 211w, https:\/\/parcyresgob.org.uk\/wp-content\/uploads\/hist3-150x107.jpg 150w, https:\/\/parcyresgob.org.uk\/wp-content\/uploads\/hist3.jpg 800w\" sizes=\"auto, (max-width: 300px) 100vw, 300px\" \/>\n\t\t\t<\/div><\/figure><figure class='gallery-item'>\n\t\t\t<div class='gallery-icon landscape'>\n\t\t\t\t<img loading=\"lazy\" decoding=\"async\" width=\"300\" height=\"170\" src=\"https:\/\/parcyresgob.org.uk\/wp-content\/uploads\/hist4-300x170.jpg\" class=\"attachment-medium size-medium\" alt=\"Llun du a gwyn o blasty mawr, hen, wedi&#039;i orchuddio&#039;n rhannol gan ganghennau coed di-ddail yn y blaendir; mae boncyff coeden tal a llwyni i&#039;w gweld ar y lawnt o flaen yr adeilad\" srcset=\"https:\/\/parcyresgob.org.uk\/wp-content\/uploads\/hist4-300x170.jpg 300w, https:\/\/parcyresgob.org.uk\/wp-content\/uploads\/hist4-250x141.jpg 250w, https:\/\/parcyresgob.org.uk\/wp-content\/uploads\/hist4-150x85.jpg 150w, https:\/\/parcyresgob.org.uk\/wp-content\/uploads\/hist4.jpg 800w\" sizes=\"auto, (max-width: 300px) 100vw, 300px\" \/>\n\t\t\t<\/div><\/figure><figure class='gallery-item'>\n\t\t\t<div class='gallery-icon landscape'>\n\t\t\t\t<img loading=\"lazy\" decoding=\"async\" width=\"300\" height=\"185\" src=\"https:\/\/parcyresgob.org.uk\/wp-content\/uploads\/hist5-300x185.jpg\" class=\"attachment-medium size-medium\" alt=\"Llun lliw sepia o d\u0177 bach, crwn gyda tho serth a dau simnai, wedi&#039;i amgylchynu gan goed a ffens bren dal. Mae person yn sefyll ger y drws ffrynt, wedi&#039;i guddio&#039;n rhannol gan gysgodion.\" srcset=\"https:\/\/parcyresgob.org.uk\/wp-content\/uploads\/hist5-300x185.jpg 300w, https:\/\/parcyresgob.org.uk\/wp-content\/uploads\/hist5-244x150.jpg 244w, https:\/\/parcyresgob.org.uk\/wp-content\/uploads\/hist5-150x92.jpg 150w, https:\/\/parcyresgob.org.uk\/wp-content\/uploads\/hist5.jpg 800w\" sizes=\"auto, (max-width: 300px) 100vw, 300px\" \/>\n\t\t\t<\/div><\/figure><figure class='gallery-item'>\n\t\t\t<div class='gallery-icon landscape'>\n\t\t\t\t<img loading=\"lazy\" decoding=\"async\" width=\"300\" height=\"190\" src=\"https:\/\/parcyresgob.org.uk\/wp-content\/uploads\/hist6-300x190.jpg\" class=\"attachment-medium size-medium\" alt=\"Mae pobl yn sglefrio ar bwll awyr agored wedi rhewi yn y gaeaf, yn gwisgo dillad o ddechrau&#039;r 20fed ganrif. Mae coed a bryniau i&#039;w gweld yn y cefndir o dan awyr gymylog.\" srcset=\"https:\/\/parcyresgob.org.uk\/wp-content\/uploads\/hist6-300x190.jpg 300w, https:\/\/parcyresgob.org.uk\/wp-content\/uploads\/hist6-237x150.jpg 237w, https:\/\/parcyresgob.org.uk\/wp-content\/uploads\/hist6-150x95.jpg 150w, https:\/\/parcyresgob.org.uk\/wp-content\/uploads\/hist6.jpg 800w\" sizes=\"auto, (max-width: 300px) 100vw, 300px\" \/>\n\t\t\t<\/div><\/figure><figure class='gallery-item'>\n\t\t\t<div class='gallery-icon landscape'>\n\t\t\t\t<img loading=\"lazy\" decoding=\"async\" width=\"300\" height=\"233\" src=\"https:\/\/parcyresgob.org.uk\/wp-content\/uploads\/hist7-300x233.jpg\" class=\"attachment-medium size-medium\" alt=\"Mae nifer o ddynion mewn dillad o ddechrau&#039;r 20fed ganrif yn sefyll ar bwll wedi rhewi; mae un dyn yn eistedd ar y rhew tra bod eraill yn sefyll o&#039;i gwmpas, pob un yn gwisgo hetiau a chotiau gaeaf. Mae mwy o bobl i&#039;w gweld yn sglefrio yn y cefndir.\" srcset=\"https:\/\/parcyresgob.org.uk\/wp-content\/uploads\/hist7-300x233.jpg 300w, https:\/\/parcyresgob.org.uk\/wp-content\/uploads\/hist7-193x150.jpg 193w, https:\/\/parcyresgob.org.uk\/wp-content\/uploads\/hist7-150x117.jpg 150w, https:\/\/parcyresgob.org.uk\/wp-content\/uploads\/hist7.jpg 650w\" sizes=\"auto, (max-width: 300px) 100vw, 300px\" \/>\n\t\t\t<\/div><\/figure><figure class='gallery-item'>\n\t\t\t<div class='gallery-icon landscape'>\n\t\t\t\t<img loading=\"lazy\" decoding=\"async\" width=\"300\" height=\"207\" src=\"https:\/\/parcyresgob.org.uk\/wp-content\/uploads\/hist8-300x207.jpg\" class=\"attachment-medium size-medium\" alt=\"Ffotograff du a gwyn o adeilad mawr, urddasol, deulawr gyda chwpola canolog, wedi&#039;i amgylchynu gan goed a lawnt lydan. Mae&#039;r capsiwn yn darllen: \u201cPalas yr Esgob, Abergwili.\u201d\" srcset=\"https:\/\/parcyresgob.org.uk\/wp-content\/uploads\/hist8-300x207.jpg 300w, https:\/\/parcyresgob.org.uk\/wp-content\/uploads\/hist8-217x150.jpg 217w, https:\/\/parcyresgob.org.uk\/wp-content\/uploads\/hist8-150x104.jpg 150w, https:\/\/parcyresgob.org.uk\/wp-content\/uploads\/hist8.jpg 800w\" sizes=\"auto, (max-width: 300px) 100vw, 300px\" \/>\n\t\t\t<\/div><\/figure><figure class='gallery-item'>\n\t\t\t<div class='gallery-icon landscape'>\n\t\t\t\t<img loading=\"lazy\" decoding=\"async\" width=\"300\" height=\"205\" src=\"https:\/\/parcyresgob.org.uk\/wp-content\/uploads\/hist9-300x205.jpg\" class=\"attachment-medium size-medium\" alt=\"Ffotograff lliw sepia o adeilad mawr, hanesyddol gyda thalcenni addurnedig, simneiau, a th\u0175r bach. Mae llwyni a choed yn amgylchynu&#039;r strwythur, ac mae llwybr yn arwain at y fynedfa. Mae&#039;r testun yn darllen Caerfyrddin, Palas Abergwili.\" srcset=\"https:\/\/parcyresgob.org.uk\/wp-content\/uploads\/hist9-300x205.jpg 300w, https:\/\/parcyresgob.org.uk\/wp-content\/uploads\/hist9-219x150.jpg 219w, https:\/\/parcyresgob.org.uk\/wp-content\/uploads\/hist9-150x103.jpg 150w, https:\/\/parcyresgob.org.uk\/wp-content\/uploads\/hist9.jpg 800w\" sizes=\"auto, (max-width: 300px) 100vw, 300px\" \/>\n\t\t\t<\/div><\/figure><figure class='gallery-item'>\n\t\t\t<div class='gallery-icon landscape'>\n\t\t\t\t<img loading=\"lazy\" decoding=\"async\" width=\"300\" height=\"185\" src=\"https:\/\/parcyresgob.org.uk\/wp-content\/uploads\/hist10-300x185.jpg\" class=\"attachment-medium size-medium\" alt=\"Hen ffotograff sepia o bwthyn bach, hecsagonol gyda tho teils serth a simnai, wedi&#039;i amgylchynu gan goed ac eiddew. Mae person yn sefyll ger y fynedfa wrth ymyl ffens \u00e2 gi\u00e2t.\" srcset=\"https:\/\/parcyresgob.org.uk\/wp-content\/uploads\/hist10-300x185.jpg 300w, https:\/\/parcyresgob.org.uk\/wp-content\/uploads\/hist10-243x150.jpg 243w, https:\/\/parcyresgob.org.uk\/wp-content\/uploads\/hist10-150x92.jpg 150w, https:\/\/parcyresgob.org.uk\/wp-content\/uploads\/hist10.jpg 800w\" sizes=\"auto, (max-width: 300px) 100vw, 300px\" \/>\n\t\t\t<\/div><\/figure><figure class='gallery-item'>\n\t\t\t<div class='gallery-icon landscape'>\n\t\t\t\t<img loading=\"lazy\" decoding=\"async\" width=\"300\" height=\"204\" src=\"https:\/\/parcyresgob.org.uk\/wp-content\/uploads\/hist11-300x204.jpg\" class=\"attachment-medium size-medium\" alt=\"Mae gr\u0175p o wartheg yn sefyll ac yn pori ar hyd glannau afon dawel, gyda bryn mawr wedi&#039;i orchuddio \u00e2 choed yn y cefndir o dan awyr gymylog. Mae ardaloedd glaswelltog yn leinio dwy ochr yr afon.\" srcset=\"https:\/\/parcyresgob.org.uk\/wp-content\/uploads\/hist11-300x204.jpg 300w, https:\/\/parcyresgob.org.uk\/wp-content\/uploads\/hist11-221x150.jpg 221w, https:\/\/parcyresgob.org.uk\/wp-content\/uploads\/hist11-150x102.jpg 150w, https:\/\/parcyresgob.org.uk\/wp-content\/uploads\/hist11.jpg 800w\" sizes=\"auto, (max-width: 300px) 100vw, 300px\" \/>\n\t\t\t<\/div><\/figure><figure class='gallery-item'>\n\t\t\t<div class='gallery-icon landscape'>\n\t\t\t\t<img loading=\"lazy\" decoding=\"async\" width=\"300\" height=\"186\" src=\"https:\/\/parcyresgob.org.uk\/wp-content\/uploads\/hist12-300x186.jpg\" class=\"attachment-medium size-medium\" alt=\"Llun lliw sepia o du mewn eglwys gyda meinciau pren addurnedig, ffenestri gwydr lliw ar y dde, ac allor gyda blodau a chroes yn y blaen. Mae golau&#039;n llifo i mewn o&#039;r ffenestri.\" srcset=\"https:\/\/parcyresgob.org.uk\/wp-content\/uploads\/hist12-300x186.jpg 300w, https:\/\/parcyresgob.org.uk\/wp-content\/uploads\/hist12-242x150.jpg 242w, https:\/\/parcyresgob.org.uk\/wp-content\/uploads\/hist12-150x93.jpg 150w, https:\/\/parcyresgob.org.uk\/wp-content\/uploads\/hist12.jpg 800w\" sizes=\"auto, (max-width: 300px) 100vw, 300px\" \/>\n\t\t\t<\/div><\/figure><figure class='gallery-item'>\n\t\t\t<div class='gallery-icon landscape'>\n\t\t\t\t<img loading=\"lazy\" decoding=\"async\" width=\"300\" height=\"217\" src=\"https:\/\/parcyresgob.org.uk\/wp-content\/uploads\/hist13-300x217.jpg\" class=\"attachment-medium size-medium\" alt=\"Llun du-a-gwyn o blasty mawr, hen gyda simneiau lluosog, wedi&#039;i amgylchynu gan goed a llwyni, a changhennau noeth yn y blaendir. Mae&#039;r olygfa&#039;n ymddangos yn dawel ac yn gaeafol.\" srcset=\"https:\/\/parcyresgob.org.uk\/wp-content\/uploads\/hist13-300x217.jpg 300w, https:\/\/parcyresgob.org.uk\/wp-content\/uploads\/hist13-207x150.jpg 207w, https:\/\/parcyresgob.org.uk\/wp-content\/uploads\/hist13-150x109.jpg 150w, https:\/\/parcyresgob.org.uk\/wp-content\/uploads\/hist13.jpg 800w\" sizes=\"auto, (max-width: 300px) 100vw, 300px\" \/>\n\t\t\t<\/div><\/figure><figure class='gallery-item'>\n\t\t\t<div class='gallery-icon landscape'>\n\t\t\t\t<img loading=\"lazy\" decoding=\"async\" width=\"300\" height=\"204\" src=\"https:\/\/parcyresgob.org.uk\/wp-content\/uploads\/hist14-300x204.jpg\" class=\"attachment-medium size-medium\" alt=\"Mae t\u0177 hanesyddol mawr gyda simneiau lluosog yn sefyll ar lawnt laswelltog eang, wedi&#039;i amgylchynu gan goed a llwyni o dan awyr glir yn y ffotograff du a gwyn hwn.\" srcset=\"https:\/\/parcyresgob.org.uk\/wp-content\/uploads\/hist14-300x204.jpg 300w, https:\/\/parcyresgob.org.uk\/wp-content\/uploads\/hist14-220x150.jpg 220w, https:\/\/parcyresgob.org.uk\/wp-content\/uploads\/hist14-150x102.jpg 150w, https:\/\/parcyresgob.org.uk\/wp-content\/uploads\/hist14.jpg 800w\" sizes=\"auto, (max-width: 300px) 100vw, 300px\" \/>\n\t\t\t<\/div><\/figure><figure class='gallery-item'>\n\t\t\t<div class='gallery-icon landscape'>\n\t\t\t\t<img loading=\"lazy\" decoding=\"async\" width=\"300\" height=\"224\" src=\"https:\/\/parcyresgob.org.uk\/wp-content\/uploads\/hist15-300x224.jpg\" class=\"attachment-medium size-medium\" alt=\"T\u0177 hanesyddol mawr, deulawr gyda llawer o ffenestri a simneiau, wedi&#039;i amgylchynu gan goed a lawnt agored, wedi&#039;i ddarlunio mewn du a gwyn.\" srcset=\"https:\/\/parcyresgob.org.uk\/wp-content\/uploads\/hist15-300x224.jpg 300w, https:\/\/parcyresgob.org.uk\/wp-content\/uploads\/hist15-201x150.jpg 201w, https:\/\/parcyresgob.org.uk\/wp-content\/uploads\/hist15-150x112.jpg 150w, https:\/\/parcyresgob.org.uk\/wp-content\/uploads\/hist15.jpg 800w\" sizes=\"auto, (max-width: 300px) 100vw, 300px\" \/>\n\t\t\t<\/div><\/figure><figure class='gallery-item'>\n\t\t\t<div class='gallery-icon landscape'>\n\t\t\t\t<img loading=\"lazy\" decoding=\"async\" width=\"300\" height=\"209\" src=\"https:\/\/parcyresgob.org.uk\/wp-content\/uploads\/image10-300x209.jpg\" class=\"attachment-medium size-medium\" alt=\"Llun du a gwyn o d\u0177 bach, wythonglog gyda tho teils a simnai amlwg. Mae person yn sefyll o dan bortsh wedi&#039;i orchuddio \u00e2 gwinwydd ger gi\u00e2t bren. Mae coed di-ddail yn y cefndir.\" srcset=\"https:\/\/parcyresgob.org.uk\/wp-content\/uploads\/image10-300x209.jpg 300w, https:\/\/parcyresgob.org.uk\/wp-content\/uploads\/image10-216x150.jpg 216w, https:\/\/parcyresgob.org.uk\/wp-content\/uploads\/image10-150x104.jpg 150w, https:\/\/parcyresgob.org.uk\/wp-content\/uploads\/image10.jpg 800w\" sizes=\"auto, (max-width: 300px) 100vw, 300px\" \/>\n\t\t\t<\/div><\/figure><figure class='gallery-item'>\n\t\t\t<div class='gallery-icon landscape'>\n\t\t\t\t<img loading=\"lazy\" decoding=\"async\" width=\"300\" height=\"230\" src=\"https:\/\/parcyresgob.org.uk\/wp-content\/uploads\/image11-300x230.jpg\" class=\"attachment-medium size-medium\" alt=\"Llun lliw sepia o adeilad mawr, wedi&#039;i losgi allan gyda tho a ffenestri ar goll. Mae grwpiau bach o bobl yn sefyll o&#039;i flaen, yn arsylwi&#039;r difrod. Mae llwyni a choed wedi&#039;u gwasgaru o amgylch y tiroedd.\" srcset=\"https:\/\/parcyresgob.org.uk\/wp-content\/uploads\/image11-300x230.jpg 300w, https:\/\/parcyresgob.org.uk\/wp-content\/uploads\/image11-195x150.jpg 195w, https:\/\/parcyresgob.org.uk\/wp-content\/uploads\/image11-150x115.jpg 150w, https:\/\/parcyresgob.org.uk\/wp-content\/uploads\/image11.jpg 800w\" sizes=\"auto, (max-width: 300px) 100vw, 300px\" \/>\n\t\t\t<\/div><\/figure><figure class='gallery-item'>\n\t\t\t<div class='gallery-icon landscape'>\n\t\t\t\t<img loading=\"lazy\" decoding=\"async\" width=\"300\" height=\"183\" src=\"https:\/\/parcyresgob.org.uk\/wp-content\/uploads\/image12-300x183.jpg\" class=\"attachment-medium size-medium\" alt=\"Hen blasty wedi&#039;i orchuddio ag eiddew gyda nifer o ffenestri a simneiau, wedi&#039;i amgylchynu gan lwyni a choed, a welir mewn ffotograff du-a-gwyn.\" srcset=\"https:\/\/parcyresgob.org.uk\/wp-content\/uploads\/image12-300x183.jpg 300w, https:\/\/parcyresgob.org.uk\/wp-content\/uploads\/image12-246x150.jpg 246w, https:\/\/parcyresgob.org.uk\/wp-content\/uploads\/image12-150x91.jpg 150w, https:\/\/parcyresgob.org.uk\/wp-content\/uploads\/image12.jpg 800w\" sizes=\"auto, (max-width: 300px) 100vw, 300px\" \/>\n\t\t\t<\/div><\/figure><figure class='gallery-item'>\n\t\t\t<div class='gallery-icon landscape'>\n\t\t\t\t<img loading=\"lazy\" decoding=\"async\" width=\"300\" height=\"188\" src=\"https:\/\/parcyresgob.org.uk\/wp-content\/uploads\/image13-300x188.jpg\" class=\"attachment-medium size-medium\" alt=\"Llun du-a-gwyn o Balas yr Esgob yn Abergwili, yn dangos plasty mawr, hanesyddol gyda mynedfa fawreddog a thoeau talcennog, wedi&#039;i amgylchynu gan goed di-ddail. Mae nodiadau ysgrifenedig \u00e2 llaw a dyddiad i&#039;w gweld ar y brig.\" srcset=\"https:\/\/parcyresgob.org.uk\/wp-content\/uploads\/image13-300x188.jpg 300w, https:\/\/parcyresgob.org.uk\/wp-content\/uploads\/image13-240x150.jpg 240w, https:\/\/parcyresgob.org.uk\/wp-content\/uploads\/image13-150x94.jpg 150w, https:\/\/parcyresgob.org.uk\/wp-content\/uploads\/image13.jpg 800w\" sizes=\"auto, (max-width: 300px) 100vw, 300px\" \/>\n\t\t\t<\/div><\/figure><figure class='gallery-item'>\n\t\t\t<div class='gallery-icon landscape'>\n\t\t\t\t<img loading=\"lazy\" decoding=\"async\" width=\"300\" height=\"201\" src=\"https:\/\/parcyresgob.org.uk\/wp-content\/uploads\/image14-300x201.jpg\" class=\"attachment-medium size-medium\" alt=\"Llun du a gwyn o blasty mawr, deulawr gyda simneiau, ffenestri tal, cwpola canolog bach, a thiroedd wedi&#039;u tirlunio gyda choed a llwyni yn y blaendir.\" srcset=\"https:\/\/parcyresgob.org.uk\/wp-content\/uploads\/image14-300x201.jpg 300w, https:\/\/parcyresgob.org.uk\/wp-content\/uploads\/image14-224x150.jpg 224w, https:\/\/parcyresgob.org.uk\/wp-content\/uploads\/image14-150x100.jpg 150w, https:\/\/parcyresgob.org.uk\/wp-content\/uploads\/image14.jpg 800w\" sizes=\"auto, (max-width: 300px) 100vw, 300px\" \/>\n\t\t\t<\/div><\/figure>\n\t\t<\/div>\n\n","protected":false},"excerpt":{"rendered":"","protected":false},"author":1,"featured_media":0,"parent":85,"menu_order":0,"comment_status":"closed","ping_status":"closed","template":"","meta":{"iawp_total_views":6,"footnotes":""},"categories":[],"tags":[],"class_list":["post-135","page","type-page","status-publish","no-comments"],"_links":{"self":[{"href":"https:\/\/parcyresgob.org.uk\/cy\/wp-json\/wp\/v2\/pages\/135","targetHints":{"allow":["GET"]}}],"collection":[{"href":"https:\/\/parcyresgob.org.uk\/cy\/wp-json\/wp\/v2\/pages"}],"about":[{"href":"https:\/\/parcyresgob.org.uk\/cy\/wp-json\/wp\/v2\/types\/page"}],"author":[{"embeddable":true,"href":"https:\/\/parcyresgob.org.uk\/cy\/wp-json\/wp\/v2\/users\/1"}],"replies":[{"embeddable":true,"href":"https:\/\/parcyresgob.org.uk\/cy\/wp-json\/wp\/v2\/comments?post=135"}],"version-history":[{"count":1,"href":"https:\/\/parcyresgob.org.uk\/cy\/wp-json\/wp\/v2\/pages\/135\/revisions"}],"predecessor-version":[{"id":5120,"href":"https:\/\/parcyresgob.org.uk\/cy\/wp-json\/wp\/v2\/pages\/135\/revisions\/5120"}],"up":[{"embeddable":true,"href":"https:\/\/parcyresgob.org.uk\/cy\/wp-json\/wp\/v2\/pages\/85"}],"wp:attachment":[{"href":"https:\/\/parcyresgob.org.uk\/cy\/wp-json\/wp\/v2\/media?parent=135"}],"wp:term":[{"taxonomy":"category","embeddable":true,"href":"https:\/\/parcyresgob.org.uk\/cy\/wp-json\/wp\/v2\/categories?post=135"},{"taxonomy":"post_tag","embeddable":true,"href":"https:\/\/parcyresgob.org.uk\/cy\/wp-json\/wp\/v2\/tags?post=135"}],"curies":[{"name":"wp","href":"https:\/\/api.w.org\/{rel}","templated":true}]}}