{"id":158,"date":"2015-08-24T08:53:46","date_gmt":"2015-08-24T08:53:46","guid":{"rendered":"https:\/\/parcyresgob.org.uk\/?page_id=158"},"modified":"2026-01-02T11:17:29","modified_gmt":"2026-01-02T11:17:29","slug":"1980s-photos","status":"publish","type":"page","link":"https:\/\/parcyresgob.org.uk\/cy\/explore-the-park\/galleries\/1980s-photos\/","title":{"rendered":"Ffotograffau o&#8217;r 1980au"},"content":{"rendered":"<div id='gallery-1' class='gallery galleryid-158 gallery-columns-3 gallery-size-medium'><figure class='gallery-item'>\n\t\t\t<div class='gallery-icon landscape'>\n\t\t\t\t<img loading=\"lazy\" decoding=\"async\" width=\"300\" height=\"201\" src=\"https:\/\/parcyresgob.org.uk\/wp-content\/uploads\/image1-300x201.jpg\" class=\"attachment-medium size-medium\" alt=\"Lawnt laswelltog gyda choed tal yn taflu cysgodion, gan guddio adeilad mawr gyda nifer o ffenestri yn y cefndir yn rhannol. Mae golau&#039;r haul yn hidlo trwy&#039;r canghennau, gan greu golygfa dawel tebyg i barc.\" srcset=\"https:\/\/parcyresgob.org.uk\/wp-content\/uploads\/image1-300x201.jpg 300w, https:\/\/parcyresgob.org.uk\/wp-content\/uploads\/image1-224x150.jpg 224w, https:\/\/parcyresgob.org.uk\/wp-content\/uploads\/image1-150x101.jpg 150w, https:\/\/parcyresgob.org.uk\/wp-content\/uploads\/image1.jpg 800w\" sizes=\"auto, (max-width: 300px) 100vw, 300px\" \/>\n\t\t\t<\/div><\/figure><figure class='gallery-item'>\n\t\t\t<div class='gallery-icon landscape'>\n\t\t\t\t<img loading=\"lazy\" decoding=\"async\" width=\"300\" height=\"183\" src=\"https:\/\/parcyresgob.org.uk\/wp-content\/uploads\/image2-300x183.jpg\" class=\"attachment-medium size-medium\" alt=\"Mae ffens biced bren yn amg\u00e1u ardal fach ar lawnt laswelltog, gyda choed tal yn arddangos dail yr hydref yn y cefndir o dan awyr glir.\" srcset=\"https:\/\/parcyresgob.org.uk\/wp-content\/uploads\/image2-300x183.jpg 300w, https:\/\/parcyresgob.org.uk\/wp-content\/uploads\/image2-246x150.jpg 246w, https:\/\/parcyresgob.org.uk\/wp-content\/uploads\/image2-150x92.jpg 150w, https:\/\/parcyresgob.org.uk\/wp-content\/uploads\/image2.jpg 800w\" sizes=\"auto, (max-width: 300px) 100vw, 300px\" \/>\n\t\t\t<\/div><\/figure><figure class='gallery-item'>\n\t\t\t<div class='gallery-icon landscape'>\n\t\t\t\t<img loading=\"lazy\" decoding=\"async\" width=\"300\" height=\"193\" src=\"https:\/\/parcyresgob.org.uk\/wp-content\/uploads\/image3-300x193.jpg\" class=\"attachment-medium size-medium\" alt=\"Golygfa o barc gyda man glaswelltog a sawl coeden fawr yn yr hydref, yn arddangos dail oren a brown. Mae gan un goeden yn y blaendir ddail gwyrdd tywyll, pigog sy&#039;n cyferbynnu \u00e2&#039;r lleill.\" srcset=\"https:\/\/parcyresgob.org.uk\/wp-content\/uploads\/image3-300x193.jpg 300w, https:\/\/parcyresgob.org.uk\/wp-content\/uploads\/image3-233x150.jpg 233w, https:\/\/parcyresgob.org.uk\/wp-content\/uploads\/image3-150x96.jpg 150w, https:\/\/parcyresgob.org.uk\/wp-content\/uploads\/image3.jpg 800w\" sizes=\"auto, (max-width: 300px) 100vw, 300px\" \/>\n\t\t\t<\/div><\/figure><figure class='gallery-item'>\n\t\t\t<div class='gallery-icon landscape'>\n\t\t\t\t<img loading=\"lazy\" decoding=\"async\" width=\"300\" height=\"196\" src=\"https:\/\/parcyresgob.org.uk\/wp-content\/uploads\/image4-300x196.jpg\" class=\"attachment-medium size-medium\" alt=\"Pwll tawel wedi&#039;i ffinio gan goed, gyda changhennau uwchben a glannau glaswelltog. Mae&#039;r d\u0175r yn adlewyrchu&#039;r awyr gymylog a&#039;r dail o&#039;i gwmpas, gan greu tirwedd naturiol, dawel.\" srcset=\"https:\/\/parcyresgob.org.uk\/wp-content\/uploads\/image4-300x196.jpg 300w, https:\/\/parcyresgob.org.uk\/wp-content\/uploads\/image4-230x150.jpg 230w, https:\/\/parcyresgob.org.uk\/wp-content\/uploads\/image4-150x98.jpg 150w, https:\/\/parcyresgob.org.uk\/wp-content\/uploads\/image4.jpg 800w\" sizes=\"auto, (max-width: 300px) 100vw, 300px\" \/>\n\t\t\t<\/div><\/figure><figure class='gallery-item'>\n\t\t\t<div class='gallery-icon landscape'>\n\t\t\t\t<img loading=\"lazy\" decoding=\"async\" width=\"300\" height=\"183\" src=\"https:\/\/parcyresgob.org.uk\/wp-content\/uploads\/image5-300x183.jpg\" class=\"attachment-medium size-medium\" alt=\"Mae t\u0177 carreg gyda ffenestri \u00e2 fframiau gwyn wedi&#039;i guddio&#039;n rhannol y tu \u00f4l i goed tal ac wedi&#039;i amgylchynu gan lawnt laswelltog wedi&#039;i gwasgaru \u00e2 dail wedi cwympo ar ddiwrnod cymylog.\" srcset=\"https:\/\/parcyresgob.org.uk\/wp-content\/uploads\/image5-300x183.jpg 300w, https:\/\/parcyresgob.org.uk\/wp-content\/uploads\/image5-246x150.jpg 246w, https:\/\/parcyresgob.org.uk\/wp-content\/uploads\/image5-150x92.jpg 150w, https:\/\/parcyresgob.org.uk\/wp-content\/uploads\/image5.jpg 800w\" sizes=\"auto, (max-width: 300px) 100vw, 300px\" \/>\n\t\t\t<\/div><\/figure><figure class='gallery-item'>\n\t\t\t<div class='gallery-icon landscape'>\n\t\t\t\t<img loading=\"lazy\" decoding=\"async\" width=\"300\" height=\"191\" src=\"https:\/\/parcyresgob.org.uk\/wp-content\/uploads\/image6-300x191.jpg\" class=\"attachment-medium size-medium\" alt=\"Llecyn coedwig cysgodol gyda choed a dail trwchus. Mae golau haul yn hidlo trwy&#039;r dail, gan oleuo clytiau o dir wedi&#039;u gorchuddio \u00e2 dail wedi cwympo. Mae boncyffion neu feinciau pren yn y canol ac arwyddbost yn y blaendir.\" srcset=\"https:\/\/parcyresgob.org.uk\/wp-content\/uploads\/image6-300x191.jpg 300w, https:\/\/parcyresgob.org.uk\/wp-content\/uploads\/image6-236x150.jpg 236w, https:\/\/parcyresgob.org.uk\/wp-content\/uploads\/image6-150x95.jpg 150w, https:\/\/parcyresgob.org.uk\/wp-content\/uploads\/image6.jpg 800w\" sizes=\"auto, (max-width: 300px) 100vw, 300px\" \/>\n\t\t\t<\/div><\/figure><figure class='gallery-item'>\n\t\t\t<div class='gallery-icon landscape'>\n\t\t\t\t<img loading=\"lazy\" decoding=\"async\" width=\"300\" height=\"201\" src=\"https:\/\/parcyresgob.org.uk\/wp-content\/uploads\/image7-300x201.jpg\" class=\"attachment-medium size-medium\" alt=\"Parc heulog gyda choed mawr, dail yr hydref brith ar y ddaear, ac ardal laswelltog agored. Yn y pellter, mae adeilad i&#039;w weld yn rhannol drwy&#039;r coed.\" srcset=\"https:\/\/parcyresgob.org.uk\/wp-content\/uploads\/image7-300x201.jpg 300w, https:\/\/parcyresgob.org.uk\/wp-content\/uploads\/image7-224x150.jpg 224w, https:\/\/parcyresgob.org.uk\/wp-content\/uploads\/image7-150x101.jpg 150w, https:\/\/parcyresgob.org.uk\/wp-content\/uploads\/image7.jpg 800w\" sizes=\"auto, (max-width: 300px) 100vw, 300px\" \/>\n\t\t\t<\/div><\/figure><figure class='gallery-item'>\n\t\t\t<div class='gallery-icon landscape'>\n\t\t\t\t<img loading=\"lazy\" decoding=\"async\" width=\"300\" height=\"200\" src=\"https:\/\/parcyresgob.org.uk\/wp-content\/uploads\/image8-300x200.jpg\" class=\"attachment-medium size-medium\" alt=\"Mae gardd laswelltog yn cynnwys carreg dal, afreolaidd yn sefyll yn unionsyth ar y chwith a phlinth carreg addurniadol bach ar y dde, wedi&#039;i hamgylchynu gan lwyni gwyrdd deiliog a choeden ifanc.\" srcset=\"https:\/\/parcyresgob.org.uk\/wp-content\/uploads\/image8-300x200.jpg 300w, https:\/\/parcyresgob.org.uk\/wp-content\/uploads\/image8-226x150.jpg 226w, https:\/\/parcyresgob.org.uk\/wp-content\/uploads\/image8-150x100.jpg 150w, https:\/\/parcyresgob.org.uk\/wp-content\/uploads\/image8.jpg 800w\" sizes=\"auto, (max-width: 300px) 100vw, 300px\" \/>\n\t\t\t<\/div><\/figure><figure class='gallery-item'>\n\t\t\t<div class='gallery-icon landscape'>\n\t\t\t\t<img loading=\"lazy\" decoding=\"async\" width=\"300\" height=\"193\" src=\"https:\/\/parcyresgob.org.uk\/wp-content\/uploads\/image9-300x193.jpg\" class=\"attachment-medium size-medium\" alt=\"Mae coeden fawr gyda dail lliw&#039;r hydref yn sefyll mewn ardal laswelltog. O&#039;i blaen, mae ffens bren fach, lliw golau yn amgylchynu darn o dir. Mae adeilad gyda ffenestri gwyn i&#039;w weld yn rhannol ar y chwith.\" srcset=\"https:\/\/parcyresgob.org.uk\/wp-content\/uploads\/image9-300x193.jpg 300w, https:\/\/parcyresgob.org.uk\/wp-content\/uploads\/image9-233x150.jpg 233w, https:\/\/parcyresgob.org.uk\/wp-content\/uploads\/image9-150x96.jpg 150w, https:\/\/parcyresgob.org.uk\/wp-content\/uploads\/image9.jpg 800w\" sizes=\"auto, (max-width: 300px) 100vw, 300px\" \/>\n\t\t\t<\/div><\/figure>\n\t\t<\/div>\n\n","protected":false},"excerpt":{"rendered":"","protected":false},"author":1,"featured_media":0,"parent":85,"menu_order":0,"comment_status":"closed","ping_status":"closed","template":"","meta":{"iawp_total_views":9,"footnotes":""},"categories":[],"tags":[],"class_list":["post-158","page","type-page","status-publish","no-comments"],"_links":{"self":[{"href":"https:\/\/parcyresgob.org.uk\/cy\/wp-json\/wp\/v2\/pages\/158","targetHints":{"allow":["GET"]}}],"collection":[{"href":"https:\/\/parcyresgob.org.uk\/cy\/wp-json\/wp\/v2\/pages"}],"about":[{"href":"https:\/\/parcyresgob.org.uk\/cy\/wp-json\/wp\/v2\/types\/page"}],"author":[{"embeddable":true,"href":"https:\/\/parcyresgob.org.uk\/cy\/wp-json\/wp\/v2\/users\/1"}],"replies":[{"embeddable":true,"href":"https:\/\/parcyresgob.org.uk\/cy\/wp-json\/wp\/v2\/comments?post=158"}],"version-history":[{"count":1,"href":"https:\/\/parcyresgob.org.uk\/cy\/wp-json\/wp\/v2\/pages\/158\/revisions"}],"predecessor-version":[{"id":5119,"href":"https:\/\/parcyresgob.org.uk\/cy\/wp-json\/wp\/v2\/pages\/158\/revisions\/5119"}],"up":[{"embeddable":true,"href":"https:\/\/parcyresgob.org.uk\/cy\/wp-json\/wp\/v2\/pages\/85"}],"wp:attachment":[{"href":"https:\/\/parcyresgob.org.uk\/cy\/wp-json\/wp\/v2\/media?parent=158"}],"wp:term":[{"taxonomy":"category","embeddable":true,"href":"https:\/\/parcyresgob.org.uk\/cy\/wp-json\/wp\/v2\/categories?post=158"},{"taxonomy":"post_tag","embeddable":true,"href":"https:\/\/parcyresgob.org.uk\/cy\/wp-json\/wp\/v2\/tags?post=158"}],"curies":[{"name":"wp","href":"https:\/\/api.w.org\/{rel}","templated":true}]}}