{"id":8,"date":"2015-08-13T12:32:08","date_gmt":"2015-08-13T12:32:08","guid":{"rendered":"https:\/\/parcyresgob.org.uk\/?page_id=8"},"modified":"2026-04-14T08:31:19","modified_gmt":"2026-04-14T08:31:19","slug":"resources","status":"publish","type":"page","link":"https:\/\/parcyresgob.org.uk\/cy\/resources\/","title":{"rendered":"Dysgu"},"content":{"rendered":"<p>Lle arbennig, diogel, hygyrch agored a gwyrdd yw Parc yr Esgob gyda thros 800 mlynedd o hanes yn gysylltiedig \u00e2 ffydd, diwylliant, cymuned, gerddi a thyfu, yn ogystal \u00e2 bywyd gwyllt anhygoel.<\/p>\n<p>Cynigia gyfoeth o gyfleoedd dysgu ar gyfer ymwelwyr o bob oed a gallu, boed yn gysylltiedig \u00e2 chwricwlwm ysgolion, dysgu yn y cartref, dysgu gydol oes, sgiliau ymarferol neu anffurfiol drwy weithgareddau a digwyddiadau.<\/p>\n<h2>Ein hadnoddau dysgu<\/h2>\n<p>Drwy weithio ar y cyd ag Amgueddfa Sir Gaerfyrddin mae&#8217;r Ymddiriedolaeth yn datblygu adnoddau dysgu ar gyfer ymwelwyr \u00e2 Pharc yr Esgob ar sail 5 thema allweddol:-<\/p>\n<ul>\n<li><strong>synnwyr o ofod<\/strong>. Cyn balas Esgobion Tyddewi oedd unwaith yn ganolfan ysbrydolrwydd, y celfyddydau a\u2019r iaith Gymraeg \u2013 er mwyn ysbrydoli dyfodol newydd<\/li>\n<li><strong>parc drwy\u2019r oesoedd.<\/strong> Gardd bleser breifat a gafodd ei hadfer ar sail ei chynllun 19eg ganrif \u2013 ar gyfer deall newidiadau\u2019r gorffennol a meithrin dyfodol dan arweiniad y gymuned<\/li>\n<li><strong>ffrwyth meddwl.<\/strong>\u00a0Yr ardd gegin furiog a\u2019i hatogfion o foethusrwydd bwrdd yr Egob yn y gorffennol \u2013 er mwyn hyrwyddo hunan-ddibyniaeth ac arloesedd garddwriaethol<\/li>\n<li><strong>amddiffyn yr amgylchedd<\/strong>. Y Waun Fawr a Phwll yr Esgob ar y cyd sy\u2019n arbennig o arwyddocaol o safbwynt ecolegol \u2013 er mwyn ymgysylltu \u00e2 materion cynaliadwyedd cyfoes<\/li>\n<li><strong>archwilio\u2019r dirwedd.<\/strong>\u00a0Cysylltiadau corfforol a gweledol o fewn Dyffryn Tywi a thu hwnt \u2013 er mwyn sefydlu cysylltiadau a rhwydweithiau rhwng llefydd a phobl.<\/li>\n<\/ul>\n<h6><\/h6>\n<h2>Ysgolion ac addysgwyr cartref<\/h2>\n<h3>Ymweliadau tywys<\/h3>\n<ul>\n<li>Dewch \u00e2\u2019ch dosbarth neu gr\u0175p i fwynhau a darganfod mwy am <a href=\"https:\/\/parcyresgob.org.uk\/history\/\">hanes<\/a>,\u00a0<a href=\"https:\/\/parcyresgob.org.uk\/horticulture\/\">garddwriaeth<\/a>a\u00a0<a href=\"https:\/\/parcyresgob.org.uk\/wildlife\/\">bywyd gwyllt<\/a> Parc yr Esgob.<\/li>\n<\/ul>\n<ul>\n<li>Trefnwch ymweliadau ar y cyd i <a href=\"https:\/\/parcyresgob.org.uk\/visit\/carmarthenshire-museum\/\">Amgueddfa Sir Gaerfyrddin<\/a>\u00a0er mwyn archwilio\u2019r tu mewn a\u2019r tu allan i Hen Balas yr Esgob.<\/li>\n<\/ul>\n<h3>Ymweliadau hunan dywys<\/h3>\n<p>Wrth i adnoddau dysgu newydd gael eu creu i gefnogi a hybu\u2019r defnydd o Barc yr Esgob fel ystafell ddosbarth awyr agored, byddwn ni\u2019n sicrhau eu bod <a href=\"https:\/\/parcyresgob.org.uk\/resources\/learning-resources\/\">ar gael yma.<\/a><\/p>\n<p>Am wybodaeth bellach neu i drefnu ymweliad, cysylltwch \u00e2 <a href=\"mailto:enquiries@tywigateway.org.uk\">enquiries@tywigateway.org.uk<\/a><\/p>\n<p>Fel rhan o ragle<\/p>\n<h2>Hyfforddiant a Gweithdai<\/h2>\n<p>Yn ddigwyddiadau a gweithgareddau Parc yr Esgob, ceir amrywiaeth o ddosbarthiadau a gweithdai ar gyfer bob oed. Mae\u2019r rhain yn cynnwys gweithdai teuluol hwyliog yn ogystal \u00e2 rhai sgiliau ymarferol mwy difrifol.<\/p>\n<p>Edrychwch i weld\u00a0<a href=\"https:\/\/parcyresgob.org.uk\/whats-on\/\">Beth sy\u2019n digwydd.<\/a><\/p>\n<p><strong>A chofiwch y gallwch <\/strong><a href=\"https:\/\/parcyresgob.org.uk\/support-us\/volunteer\/\"><strong>wirfoddoli<\/strong><\/a><strong>\u00a0er mwyn helpu i ofalu am Barc yr Esgob, cyfarfod \u00e2 phobl newydd, cymryd rhan mewn amrywiaeth o weithgareddau a datblygu gwybodaeth a sgiliau newydd. <\/strong><\/p>\n","protected":false},"excerpt":{"rendered":"<p>Lle arbennig, diogel, hygyrch agored a gwyrdd yw Parc yr Esgob gyda thros 800 mlynedd o hanes yn gysylltiedig \u00e2 ffydd, diwylliant, cymuned, gerddi a thyfu, yn ogystal \u00e2 bywyd gwyllt anhygoel. Cynigia gyfoeth o gyfleoedd dysgu ar gyfer ymwelwyr o bob oed a gallu, boed yn gysylltiedig \u00e2 chwricwlwm ysgolion, dysgu yn y cartref, &hellip; <\/p>\n<div class=\"more-link-wrapper\"><a href=\"https:\/\/parcyresgob.org.uk\/cy\/resources\/\" class=\"more-link\">Learn More | Dysgwch Mwy<span class=\"screen-reader-text\"> &#8220;Dysgu&#8221;<\/span><\/a><\/div>\n","protected":false},"author":1,"featured_media":2458,"parent":0,"menu_order":0,"comment_status":"closed","ping_status":"closed","template":"","meta":{"iawp_total_views":37,"footnotes":""},"categories":[],"tags":[140],"class_list":{"0":"post-8","1":"page","2":"type-page","3":"status-publish","4":"has-post-thumbnail","6":"tag-learning","7":"no-comments"},"_links":{"self":[{"href":"https:\/\/parcyresgob.org.uk\/cy\/wp-json\/wp\/v2\/pages\/8","targetHints":{"allow":["GET"]}}],"collection":[{"href":"https:\/\/parcyresgob.org.uk\/cy\/wp-json\/wp\/v2\/pages"}],"about":[{"href":"https:\/\/parcyresgob.org.uk\/cy\/wp-json\/wp\/v2\/types\/page"}],"author":[{"embeddable":true,"href":"https:\/\/parcyresgob.org.uk\/cy\/wp-json\/wp\/v2\/users\/1"}],"replies":[{"embeddable":true,"href":"https:\/\/parcyresgob.org.uk\/cy\/wp-json\/wp\/v2\/comments?post=8"}],"version-history":[{"count":4,"href":"https:\/\/parcyresgob.org.uk\/cy\/wp-json\/wp\/v2\/pages\/8\/revisions"}],"predecessor-version":[{"id":5475,"href":"https:\/\/parcyresgob.org.uk\/cy\/wp-json\/wp\/v2\/pages\/8\/revisions\/5475"}],"wp:featuredmedia":[{"embeddable":true,"href":"https:\/\/parcyresgob.org.uk\/cy\/wp-json\/wp\/v2\/media\/2458"}],"wp:attachment":[{"href":"https:\/\/parcyresgob.org.uk\/cy\/wp-json\/wp\/v2\/media?parent=8"}],"wp:term":[{"taxonomy":"category","embeddable":true,"href":"https:\/\/parcyresgob.org.uk\/cy\/wp-json\/wp\/v2\/categories?post=8"},{"taxonomy":"post_tag","embeddable":true,"href":"https:\/\/parcyresgob.org.uk\/cy\/wp-json\/wp\/v2\/tags?post=8"}],"curies":[{"name":"wp","href":"https:\/\/api.w.org\/{rel}","templated":true}]}}